{"id":2161,"date":"2020-02-12T14:38:23","date_gmt":"2020-02-12T13:38:23","guid":{"rendered":"http:\/\/www.zina-shop.com\/?post_type=product&#038;p=2161"},"modified":"2020-10-13T14:59:15","modified_gmt":"2020-10-13T12:59:15","slug":"disque-radial-vert-clair-1000g","status":"publish","type":"product","link":"https:\/\/www.zina-shop.com\/index.php\/produit\/disque-radial-vert-clair-1000g\/","title":{"rendered":"Disque radial vert clair 1000g"},"content":{"rendered":"<p>Disque radial vert clair 1000g<\/p>\n","protected":false},"excerpt":{"rendered":"<p><strong>Disques Radial \u00ad violet \u00ad 600g<\/strong><\/p>\n<p>Diam\u00e8tre:\u00a025mm<\/p>\n<p>\u2022\u00a0Utiliser\u00a0de\u00a03\u00a0\u00e0\u00a06\u00a0diques\u00a0par\u00a0mandrin\u00a0pour\u00a0une\u00a0performance\u00a0optimale.<\/p>\n<p>\u2022 Permet une finition uniforme et contr\u00f4lable.<br \/>\n\u2022 Grande flexibilit\u00e9 permet des finitions parfaites et d\u00e9taill\u00e9es dans les coins difficiles d&rsquo;acc\u00e8s<br \/>\n\u2022\u00a0Pas\u00a0besoin\u00a0d&rsquo;utiliser\u00a0de\u00a0p\u00e2te\u00a0\u00e0\u00a0polir<br \/>\n\u2022 Tr\u00e8s doux, id\u00e9al pour les pi\u00e8ces fragiles<\/p>\n<p><em><span style=\"color: #993366\u037e;\">Vendu par sachet de 3 disques<\/span><\/em><\/p>\n","protected":false},"featured_media":2153,"comment_status":"open","ping_status":"closed","template":"","meta":{"sfsi_plus_gutenberg_text_before_share":"","sfsi_plus_gutenberg_show_text_before_share":"","sfsi_plus_gutenberg_icon_type":"","sfsi_plus_gutenberg_icon_alignemt":"","sfsi_plus_gutenburg_max_per_row":""},"product_cat":[31],"product_tag":[],"class_list":["post-2161","product","type-product","status-publish","has-post-thumbnail","hentry","product_cat-polissage"],"jetpack_sharing_enabled":true,"_links":{"self":[{"href":"https:\/\/www.zina-shop.com\/index.php\/wp-json\/wp\/v2\/product\/2161","targetHints":{"allow":["GET"]}}],"collection":[{"href":"https:\/\/www.zina-shop.com\/index.php\/wp-json\/wp\/v2\/product"}],"about":[{"href":"https:\/\/www.zina-shop.com\/index.php\/wp-json\/wp\/v2\/types\/product"}],"replies":[{"embeddable":true,"href":"https:\/\/www.zina-shop.com\/index.php\/wp-json\/wp\/v2\/comments?post=2161"}],"wp:featuredmedia":[{"embeddable":true,"href":"https:\/\/www.zina-shop.com\/index.php\/wp-json\/wp\/v2\/media\/2153"}],"wp:attachment":[{"href":"https:\/\/www.zina-shop.com\/index.php\/wp-json\/wp\/v2\/media?parent=2161"}],"wp:term":[{"taxonomy":"product_cat","embeddable":true,"href":"https:\/\/www.zina-shop.com\/index.php\/wp-json\/wp\/v2\/product_cat?post=2161"},{"taxonomy":"product_tag","embeddable":true,"href":"https:\/\/www.zina-shop.com\/index.php\/wp-json\/wp\/v2\/product_tag?post=2161"}],"curies":[{"name":"wp","href":"https:\/\/api.w.org\/{rel}","templated":true}]}}