{"id":2132,"date":"2020-02-12T12:12:13","date_gmt":"2020-02-12T11:12:13","guid":{"rendered":"http:\/\/www.zina-shop.com\/?post_type=product&#038;p=2132"},"modified":"2025-04-12T14:47:22","modified_gmt":"2025-04-12T12:47:22","slug":"mandrin-pour-papier-emeri-x1","status":"publish","type":"product","link":"https:\/\/www.zina-shop.com\/index.php\/produit\/mandrin-pour-papier-emeri-x1\/","title":{"rendered":"Mandrin pour papier emeri x1"},"content":{"rendered":"<p>Mandrin pour papier emeri x1<\/p>\n","protected":false},"excerpt":{"rendered":"<p><strong>Mandrin\u00a0pour\u00a0papier\u00a0emeri<\/strong><\/p>\n<p>Compatibles avec mod\u00e8les de mini perceuses type dremel \u00ad proxxon etc&#8230;<\/p>\n<p>A\u00a0utiliser\u00a0avec\u00a0le\u00a0papier\u00a0emeri.<\/p>\n<p>D\u00e9couper une bande de papier et glisser les deux extr\u00e9mit\u00e9s dans la fente pr\u00e9vue \u00e0 cet effet.<\/p>\n<p><em><span style=\"color: #800080\u037e;\">Vendu\u00a0\u00e0\u00a0l&rsquo;unit\u00e9<\/span><\/em><\/p>\n","protected":false},"featured_media":2133,"comment_status":"open","ping_status":"closed","template":"","meta":{"sfsi_plus_gutenberg_text_before_share":"","sfsi_plus_gutenberg_show_text_before_share":"","sfsi_plus_gutenberg_icon_type":"","sfsi_plus_gutenberg_icon_alignemt":"","sfsi_plus_gutenburg_max_per_row":""},"product_cat":[31],"product_tag":[],"class_list":["post-2132","product","type-product","status-publish","has-post-thumbnail","hentry","product_cat-polissage"],"jetpack_sharing_enabled":true,"_links":{"self":[{"href":"https:\/\/www.zina-shop.com\/index.php\/wp-json\/wp\/v2\/product\/2132","targetHints":{"allow":["GET"]}}],"collection":[{"href":"https:\/\/www.zina-shop.com\/index.php\/wp-json\/wp\/v2\/product"}],"about":[{"href":"https:\/\/www.zina-shop.com\/index.php\/wp-json\/wp\/v2\/types\/product"}],"replies":[{"embeddable":true,"href":"https:\/\/www.zina-shop.com\/index.php\/wp-json\/wp\/v2\/comments?post=2132"}],"wp:featuredmedia":[{"embeddable":true,"href":"https:\/\/www.zina-shop.com\/index.php\/wp-json\/wp\/v2\/media\/2133"}],"wp:attachment":[{"href":"https:\/\/www.zina-shop.com\/index.php\/wp-json\/wp\/v2\/media?parent=2132"}],"wp:term":[{"taxonomy":"product_cat","embeddable":true,"href":"https:\/\/www.zina-shop.com\/index.php\/wp-json\/wp\/v2\/product_cat?post=2132"},{"taxonomy":"product_tag","embeddable":true,"href":"https:\/\/www.zina-shop.com\/index.php\/wp-json\/wp\/v2\/product_tag?post=2132"}],"curies":[{"name":"wp","href":"https:\/\/api.w.org\/{rel}","templated":true}]}}