{"id":2131,"date":"2020-02-12T12:10:06","date_gmt":"2020-02-12T11:10:06","guid":{"rendered":"http:\/\/www.zina-shop.com\/?post_type=product&#038;p=2131"},"modified":"2023-01-15T22:14:22","modified_gmt":"2023-01-15T21:14:22","slug":"papier-emeri-600g-1metre","status":"publish","type":"product","link":"https:\/\/www.zina-shop.com\/index.php\/produit\/papier-emeri-600g-1metre\/","title":{"rendered":"Papier emeri 600g 1m\u00e8tre"},"content":{"rendered":"<p>Papier emeri 600g 1m\u00e8tre<\/p>\n","protected":false},"excerpt":{"rendered":"<p><strong>Papier emeri 600g<\/strong><\/p>\n<p>Rouleau\u00a0de\u00a01\u00a0m\u00e8tre<\/p>\n<p>A\u00a0utiliser\u00a0avec\u00a0le\u00a0mandrin\u00a0emeri<\/p>\n<p>Permet de rectifier les irr\u00e9gularit\u00e9s qui peuvent \u00eatre pr\u00e9sentes sur pi\u00e8ces de m\u00e9tal avant de commencer le polissage<\/p>\n<p><em><span style=\"color: #800080\u037e;\">Vendu\u00a0\u00e0\u00a0l&rsquo;unit\u00e9<\/span><\/em><\/p>\n","protected":false},"featured_media":2130,"comment_status":"open","ping_status":"closed","template":"","meta":{"sfsi_plus_gutenberg_text_before_share":"","sfsi_plus_gutenberg_show_text_before_share":"","sfsi_plus_gutenberg_icon_type":"","sfsi_plus_gutenberg_icon_alignemt":"","sfsi_plus_gutenburg_max_per_row":""},"product_cat":[31],"product_tag":[],"class_list":["post-2131","product","type-product","status-publish","has-post-thumbnail","hentry","product_cat-polissage"],"jetpack_sharing_enabled":true,"_links":{"self":[{"href":"https:\/\/www.zina-shop.com\/index.php\/wp-json\/wp\/v2\/product\/2131","targetHints":{"allow":["GET"]}}],"collection":[{"href":"https:\/\/www.zina-shop.com\/index.php\/wp-json\/wp\/v2\/product"}],"about":[{"href":"https:\/\/www.zina-shop.com\/index.php\/wp-json\/wp\/v2\/types\/product"}],"replies":[{"embeddable":true,"href":"https:\/\/www.zina-shop.com\/index.php\/wp-json\/wp\/v2\/comments?post=2131"}],"wp:featuredmedia":[{"embeddable":true,"href":"https:\/\/www.zina-shop.com\/index.php\/wp-json\/wp\/v2\/media\/2130"}],"wp:attachment":[{"href":"https:\/\/www.zina-shop.com\/index.php\/wp-json\/wp\/v2\/media?parent=2131"}],"wp:term":[{"taxonomy":"product_cat","embeddable":true,"href":"https:\/\/www.zina-shop.com\/index.php\/wp-json\/wp\/v2\/product_cat?post=2131"},{"taxonomy":"product_tag","embeddable":true,"href":"https:\/\/www.zina-shop.com\/index.php\/wp-json\/wp\/v2\/product_tag?post=2131"}],"curies":[{"name":"wp","href":"https:\/\/api.w.org\/{rel}","templated":true}]}}