{"id":2092,"date":"2020-02-11T16:53:34","date_gmt":"2020-02-11T15:53:34","guid":{"rendered":"http:\/\/www.zina-shop.com\/?post_type=product&#038;p=2092"},"modified":"2022-01-19T14:04:44","modified_gmt":"2022-01-19T13:04:44","slug":"pate-a-souder-easy-28g","status":"publish","type":"product","link":"https:\/\/www.zina-shop.com\/index.php\/produit\/pate-a-souder-easy-28g\/","title":{"rendered":"P\u00e2te \u00e0 souder Easy &#8211; 28g"},"content":{"rendered":"<p>P\u00e2te \u00e0 souder Easy &#8211; 28g<\/p>\n","protected":false},"excerpt":{"rendered":"<p><strong>P\u00e2te\u00a0\u00e0\u00a0souder\u00a0Argent\u00a0Easy<\/strong><\/p>\n<p>Pot\u00a0de\u00a028gr<\/p>\n<p>Cette p\u00e2te \u00e0 souder est compos\u00e9e de soudure pour 65% avec 65% d&rsquo;argent et de flux pour 35%<\/p>\n<p>Elle atteint une temp\u00e9rature de fusion tr\u00e8s rapidement.<\/p>\n<p>Utilis\u00e9e pour le filigrane de Rusie, un pot de 28 grammes permet de r\u00e9aliser une trentaine de bijoux.<\/p>\n<p><span style=\"color: #800080\u037e;\"><em>Vendu \u00e0 l&rsquo;unit\u00e9<br \/>\n<\/em><\/span><\/p>\n","protected":false},"featured_media":2093,"comment_status":"open","ping_status":"closed","template":"","meta":{"sfsi_plus_gutenberg_text_before_share":"","sfsi_plus_gutenberg_show_text_before_share":"","sfsi_plus_gutenberg_icon_type":"","sfsi_plus_gutenberg_icon_alignemt":"","sfsi_plus_gutenburg_max_per_row":""},"product_cat":[30,50],"product_tag":[],"class_list":["post-2092","product","type-product","status-publish","has-post-thumbnail","hentry","product_cat-soudure","product_cat-filigrane-de-russie"],"jetpack_sharing_enabled":true,"_links":{"self":[{"href":"https:\/\/www.zina-shop.com\/index.php\/wp-json\/wp\/v2\/product\/2092","targetHints":{"allow":["GET"]}}],"collection":[{"href":"https:\/\/www.zina-shop.com\/index.php\/wp-json\/wp\/v2\/product"}],"about":[{"href":"https:\/\/www.zina-shop.com\/index.php\/wp-json\/wp\/v2\/types\/product"}],"replies":[{"embeddable":true,"href":"https:\/\/www.zina-shop.com\/index.php\/wp-json\/wp\/v2\/comments?post=2092"}],"wp:featuredmedia":[{"embeddable":true,"href":"https:\/\/www.zina-shop.com\/index.php\/wp-json\/wp\/v2\/media\/2093"}],"wp:attachment":[{"href":"https:\/\/www.zina-shop.com\/index.php\/wp-json\/wp\/v2\/media?parent=2092"}],"wp:term":[{"taxonomy":"product_cat","embeddable":true,"href":"https:\/\/www.zina-shop.com\/index.php\/wp-json\/wp\/v2\/product_cat?post=2092"},{"taxonomy":"product_tag","embeddable":true,"href":"https:\/\/www.zina-shop.com\/index.php\/wp-json\/wp\/v2\/product_tag?post=2092"}],"curies":[{"name":"wp","href":"https:\/\/api.w.org\/{rel}","templated":true}]}}