{"id":2088,"date":"2020-02-11T16:40:52","date_gmt":"2020-02-11T15:40:52","guid":{"rendered":"http:\/\/www.zina-shop.com\/?post_type=product&#038;p=2088"},"modified":"2022-10-14T14:20:37","modified_gmt":"2022-10-14T12:20:37","slug":"handi-flux-40g","status":"publish","type":"product","link":"https:\/\/www.zina-shop.com\/index.php\/produit\/handi-flux-40g\/","title":{"rendered":"Handi Flux &#8211; 40g"},"content":{"rendered":"<p>Handi Flux &#8211; 40g<\/p>\n","protected":false},"excerpt":{"rendered":"<p><strong>Handy\u00a0Flux\u00a0p\u00e2te\u00a0\u00ad\u00a0Pr\u00eate\u00a0\u00e0\u00a0l&#8217;emploi<\/strong><\/p>\n<p>Contenance: 40g<\/p>\n<p><strong>Produit reconditionn\u00e9<\/strong><\/p>\n<p>Handy Flux est pratique \u00e0 l&rsquo;utilisation la p\u00e2te toute pr\u00eate s&rsquo;applique sur toutes les parties \u00e0 souder prot\u00e9geant ainsi vos pi\u00e8ce de l&rsquo;oxydation au dessus de 870\u00baC. C&rsquo;est un flux adapt\u00e9 pour les m\u00e9taux non ferreux. Il commence \u00e0 fondre et dissoudre les oxydes \u00e0 320\u00baC. la formule en p\u00e2te peut se nettoyer \u00e0 l&rsquo;eau chaude.<\/p>\n<p><em>Vendu \u00e0 l&rsquo;unit\u00e9<\/em><\/p>\n","protected":false},"featured_media":2087,"comment_status":"open","ping_status":"closed","template":"","meta":{"sfsi_plus_gutenberg_text_before_share":"","sfsi_plus_gutenberg_show_text_before_share":"","sfsi_plus_gutenberg_icon_type":"","sfsi_plus_gutenberg_icon_alignemt":"","sfsi_plus_gutenburg_max_per_row":""},"product_cat":[30],"product_tag":[],"class_list":["post-2088","product","type-product","status-publish","has-post-thumbnail","hentry","product_cat-soudure"],"jetpack_sharing_enabled":true,"_links":{"self":[{"href":"https:\/\/www.zina-shop.com\/index.php\/wp-json\/wp\/v2\/product\/2088","targetHints":{"allow":["GET"]}}],"collection":[{"href":"https:\/\/www.zina-shop.com\/index.php\/wp-json\/wp\/v2\/product"}],"about":[{"href":"https:\/\/www.zina-shop.com\/index.php\/wp-json\/wp\/v2\/types\/product"}],"replies":[{"embeddable":true,"href":"https:\/\/www.zina-shop.com\/index.php\/wp-json\/wp\/v2\/comments?post=2088"}],"wp:featuredmedia":[{"embeddable":true,"href":"https:\/\/www.zina-shop.com\/index.php\/wp-json\/wp\/v2\/media\/2087"}],"wp:attachment":[{"href":"https:\/\/www.zina-shop.com\/index.php\/wp-json\/wp\/v2\/media?parent=2088"}],"wp:term":[{"taxonomy":"product_cat","embeddable":true,"href":"https:\/\/www.zina-shop.com\/index.php\/wp-json\/wp\/v2\/product_cat?post=2088"},{"taxonomy":"product_tag","embeddable":true,"href":"https:\/\/www.zina-shop.com\/index.php\/wp-json\/wp\/v2\/product_tag?post=2088"}],"curies":[{"name":"wp","href":"https:\/\/api.w.org\/{rel}","templated":true}]}}