{"id":2084,"date":"2020-02-11T16:35:18","date_gmt":"2020-02-11T15:35:18","guid":{"rendered":"http:\/\/www.zina-shop.com\/?post_type=product&#038;p=2084"},"modified":"2021-09-10T09:34:38","modified_gmt":"2021-09-10T07:34:38","slug":"picklean-150g","status":"publish","type":"product","link":"https:\/\/www.zina-shop.com\/index.php\/produit\/picklean-150g\/","title":{"rendered":"Picklean &#8211; 150g"},"content":{"rendered":"<p>Picklean &#8211; 150g<\/p>\n","protected":false},"excerpt":{"rendered":"<p><strong>Picklean 150g<br \/>\n<\/strong><\/p>\n<p>Poudre\u00a0de\u00a0d\u00e9rochage<\/p>\n<p>Diluer 1 cuill\u00e8re \u00e0 caf\u00e9 dans 235ml (8 oz) d&rsquo;eau de pr\u00e9f\u00e9rence distill\u00e9e et chaude.<\/p>\n<p>Fanstastique solution de d\u00e9rochage, non toxique.<\/p>\n","protected":false},"featured_media":2085,"comment_status":"open","ping_status":"closed","template":"","meta":{"sfsi_plus_gutenberg_text_before_share":"","sfsi_plus_gutenberg_show_text_before_share":"","sfsi_plus_gutenberg_icon_type":"","sfsi_plus_gutenberg_icon_alignemt":"","sfsi_plus_gutenburg_max_per_row":""},"product_cat":[30],"product_tag":[],"class_list":["post-2084","product","type-product","status-publish","has-post-thumbnail","hentry","product_cat-soudure"],"jetpack_sharing_enabled":true,"_links":{"self":[{"href":"https:\/\/www.zina-shop.com\/index.php\/wp-json\/wp\/v2\/product\/2084","targetHints":{"allow":["GET"]}}],"collection":[{"href":"https:\/\/www.zina-shop.com\/index.php\/wp-json\/wp\/v2\/product"}],"about":[{"href":"https:\/\/www.zina-shop.com\/index.php\/wp-json\/wp\/v2\/types\/product"}],"replies":[{"embeddable":true,"href":"https:\/\/www.zina-shop.com\/index.php\/wp-json\/wp\/v2\/comments?post=2084"}],"wp:featuredmedia":[{"embeddable":true,"href":"https:\/\/www.zina-shop.com\/index.php\/wp-json\/wp\/v2\/media\/2085"}],"wp:attachment":[{"href":"https:\/\/www.zina-shop.com\/index.php\/wp-json\/wp\/v2\/media?parent=2084"}],"wp:term":[{"taxonomy":"product_cat","embeddable":true,"href":"https:\/\/www.zina-shop.com\/index.php\/wp-json\/wp\/v2\/product_cat?post=2084"},{"taxonomy":"product_tag","embeddable":true,"href":"https:\/\/www.zina-shop.com\/index.php\/wp-json\/wp\/v2\/product_tag?post=2084"}],"curies":[{"name":"wp","href":"https:\/\/api.w.org\/{rel}","templated":true}]}}