{"id":2025,"date":"2020-02-10T16:43:34","date_gmt":"2020-02-10T15:43:34","guid":{"rendered":"http:\/\/www.zina-shop.com\/?post_type=product&#038;p=2025"},"modified":"2023-04-13T20:06:15","modified_gmt":"2023-04-13T18:06:15","slug":"fraise-bi-conique-pour-sertir-3mm","status":"publish","type":"product","link":"https:\/\/www.zina-shop.com\/index.php\/produit\/fraise-bi-conique-pour-sertir-3mm\/","title":{"rendered":"Fraise bi-conique pour sertir 3mm"},"content":{"rendered":"<p>Fraise bi-conique pour sertir 3mm<\/p>\n","protected":false},"excerpt":{"rendered":"<p><strong>Fraise\u00a0bi\u00a0conique<\/strong><\/p>\n<p>Pour\u00a0sertissage\u00a0\u00e0\u00a0ras\u00a0de\u00a0pierres\u00a0de\u00a0laboratoire<\/p>\n<p>3mm<\/p>\n<p>Cette fraise permet de pr\u00e9parer un trou dans la p\u00e2te de m\u00e9tal s\u00e8che avant cuisson afin d&rsquo;y recevoir la pierre de lab. La pierre sera sertie pendant la cuisson lors du frittage<\/p>\n<p>A utiliser pour sertir les Corundums \u00ad Synthetic spinels \u00ad Nano crystal<\/p>\n","protected":false},"featured_media":2022,"comment_status":"open","ping_status":"closed","template":"","meta":{"sfsi_plus_gutenberg_text_before_share":"","sfsi_plus_gutenberg_show_text_before_share":"","sfsi_plus_gutenberg_icon_type":"","sfsi_plus_gutenberg_icon_alignemt":"","sfsi_plus_gutenburg_max_per_row":""},"product_cat":[28],"product_tag":[],"class_list":["post-2025","product","type-product","status-publish","has-post-thumbnail","hentry","product_cat-outillage"],"jetpack_sharing_enabled":true,"_links":{"self":[{"href":"https:\/\/www.zina-shop.com\/index.php\/wp-json\/wp\/v2\/product\/2025","targetHints":{"allow":["GET"]}}],"collection":[{"href":"https:\/\/www.zina-shop.com\/index.php\/wp-json\/wp\/v2\/product"}],"about":[{"href":"https:\/\/www.zina-shop.com\/index.php\/wp-json\/wp\/v2\/types\/product"}],"replies":[{"embeddable":true,"href":"https:\/\/www.zina-shop.com\/index.php\/wp-json\/wp\/v2\/comments?post=2025"}],"wp:featuredmedia":[{"embeddable":true,"href":"https:\/\/www.zina-shop.com\/index.php\/wp-json\/wp\/v2\/media\/2022"}],"wp:attachment":[{"href":"https:\/\/www.zina-shop.com\/index.php\/wp-json\/wp\/v2\/media?parent=2025"}],"wp:term":[{"taxonomy":"product_cat","embeddable":true,"href":"https:\/\/www.zina-shop.com\/index.php\/wp-json\/wp\/v2\/product_cat?post=2025"},{"taxonomy":"product_tag","embeddable":true,"href":"https:\/\/www.zina-shop.com\/index.php\/wp-json\/wp\/v2\/product_tag?post=2025"}],"curies":[{"name":"wp","href":"https:\/\/api.w.org\/{rel}","templated":true}]}}