{"id":2010,"date":"2020-02-10T16:08:25","date_gmt":"2020-02-10T15:08:25","guid":{"rendered":"http:\/\/www.zina-shop.com\/?post_type=product&#038;p=2010"},"modified":"2021-02-26T16:38:04","modified_gmt":"2021-02-26T15:38:04","slug":"acrylic-plaque","status":"publish","type":"product","link":"https:\/\/www.zina-shop.com\/index.php\/produit\/acrylic-plaque\/","title":{"rendered":"Acrylic plaque"},"content":{"rendered":"<p>Acrylic plaque<\/p>\n","protected":false},"excerpt":{"rendered":"<p><strong>Plaque acrylique transparente<\/strong><\/p>\n<p>Dimensions: 7.5 x 15 cm<\/p>\n<p>Permet de former des colombins r\u00e9guliers en p\u00e2te de m\u00e9tal<\/p>\n<p><em>Vendu \u00e0 l&rsquo;unit\u00e9<\/em><\/p>\n","protected":false},"featured_media":2011,"comment_status":"open","ping_status":"closed","template":"","meta":{"sfsi_plus_gutenberg_text_before_share":"","sfsi_plus_gutenberg_show_text_before_share":"","sfsi_plus_gutenberg_icon_type":"","sfsi_plus_gutenberg_icon_alignemt":"","sfsi_plus_gutenburg_max_per_row":""},"product_cat":[28],"product_tag":[],"class_list":["post-2010","product","type-product","status-publish","has-post-thumbnail","hentry","product_cat-outillage"],"jetpack_sharing_enabled":true,"_links":{"self":[{"href":"https:\/\/www.zina-shop.com\/index.php\/wp-json\/wp\/v2\/product\/2010","targetHints":{"allow":["GET"]}}],"collection":[{"href":"https:\/\/www.zina-shop.com\/index.php\/wp-json\/wp\/v2\/product"}],"about":[{"href":"https:\/\/www.zina-shop.com\/index.php\/wp-json\/wp\/v2\/types\/product"}],"replies":[{"embeddable":true,"href":"https:\/\/www.zina-shop.com\/index.php\/wp-json\/wp\/v2\/comments?post=2010"}],"wp:featuredmedia":[{"embeddable":true,"href":"https:\/\/www.zina-shop.com\/index.php\/wp-json\/wp\/v2\/media\/2011"}],"wp:attachment":[{"href":"https:\/\/www.zina-shop.com\/index.php\/wp-json\/wp\/v2\/media?parent=2010"}],"wp:term":[{"taxonomy":"product_cat","embeddable":true,"href":"https:\/\/www.zina-shop.com\/index.php\/wp-json\/wp\/v2\/product_cat?post=2010"},{"taxonomy":"product_tag","embeddable":true,"href":"https:\/\/www.zina-shop.com\/index.php\/wp-json\/wp\/v2\/product_tag?post=2010"}],"curies":[{"name":"wp","href":"https:\/\/api.w.org\/{rel}","templated":true}]}}