{"id":1896,"date":"2020-02-07T13:04:39","date_gmt":"2020-02-07T12:04:39","guid":{"rendered":"http:\/\/www.zina-shop.com\/?post_type=product&#038;p=1896"},"modified":"2022-04-06T22:36:37","modified_gmt":"2022-04-06T20:36:37","slug":"woodclay-poudre-100g","status":"publish","type":"product","link":"https:\/\/www.zina-shop.com\/index.php\/produit\/woodclay-poudre-100g\/","title":{"rendered":"Woodclay poudre &#8211; 100g"},"content":{"rendered":"<p>Woodclay poudre &#8211; 100G<\/p>\n","protected":false},"excerpt":{"rendered":"<p><strong>Woodclay poudre &#8211; 100G<\/strong><\/p>\n<p>Prometheus WoodClay Poudre br\u00fble proprement, ne laissant quasiment aucun r\u00e9sidus.<\/p>\n<p>M\u00e9langez la quantit\u00e9 d\u00e9sir\u00e9e de poudrte avec de l&rsquo;eau dans un petit r\u00e9cipient \u00e0l&rsquo;aide d&rsquo;une petite cuill\u00e8re.<\/p>\n<p>Quand vous arivez \u00e0 la bonne consistance, formez votre pi\u00e8ce et laissez l\u00e0 s\u00e9cher 24 heures puis couvrez l\u00e0 du m\u00e9tal de votre choix.<\/p>\n<p>Cuire ensuite en n&rsquo;oubliant pas de laisser une petite ouverture (petit trou) dans le m\u00e9tal pouyr permettre aux r\u00e9sidus de tomber apr\u00e8s la cuisson.<\/p>\n","protected":false},"featured_media":1897,"comment_status":"open","ping_status":"closed","template":"","meta":{"sfsi_plus_gutenberg_text_before_share":"","sfsi_plus_gutenberg_show_text_before_share":"","sfsi_plus_gutenberg_icon_type":"","sfsi_plus_gutenberg_icon_alignemt":"","sfsi_plus_gutenburg_max_per_row":""},"product_cat":[26],"product_tag":[],"class_list":["post-1896","product","type-product","status-publish","has-post-thumbnail","hentry","product_cat-additif-pates-de-metal"],"jetpack_sharing_enabled":true,"_links":{"self":[{"href":"https:\/\/www.zina-shop.com\/index.php\/wp-json\/wp\/v2\/product\/1896","targetHints":{"allow":["GET"]}}],"collection":[{"href":"https:\/\/www.zina-shop.com\/index.php\/wp-json\/wp\/v2\/product"}],"about":[{"href":"https:\/\/www.zina-shop.com\/index.php\/wp-json\/wp\/v2\/types\/product"}],"replies":[{"embeddable":true,"href":"https:\/\/www.zina-shop.com\/index.php\/wp-json\/wp\/v2\/comments?post=1896"}],"wp:featuredmedia":[{"embeddable":true,"href":"https:\/\/www.zina-shop.com\/index.php\/wp-json\/wp\/v2\/media\/1897"}],"wp:attachment":[{"href":"https:\/\/www.zina-shop.com\/index.php\/wp-json\/wp\/v2\/media?parent=1896"}],"wp:term":[{"taxonomy":"product_cat","embeddable":true,"href":"https:\/\/www.zina-shop.com\/index.php\/wp-json\/wp\/v2\/product_cat?post=1896"},{"taxonomy":"product_tag","embeddable":true,"href":"https:\/\/www.zina-shop.com\/index.php\/wp-json\/wp\/v2\/product_tag?post=1896"}],"curies":[{"name":"wp","href":"https:\/\/api.w.org\/{rel}","templated":true}]}}