{"id":1885,"date":"2020-02-07T12:41:00","date_gmt":"2020-02-07T11:41:00","guid":{"rendered":"http:\/\/www.zina-shop.com\/?post_type=product&#038;p=1885"},"modified":"2026-03-18T22:32:01","modified_gmt":"2026-03-18T21:32:01","slug":"prometheus-silver-clay-999-10g","status":"publish","type":"product","link":"https:\/\/www.zina-shop.com\/index.php\/produit\/prometheus-silver-clay-999-10g\/","title":{"rendered":"Prometheus Silver Clay 999 10g"},"content":{"rendered":"<p>Prometheus Silver Clay 999 &#8211; P\u00e2te de d&rsquo;Argent &#8211; 10g<\/p>\n","protected":false},"excerpt":{"rendered":"<p><strong>Prometheus Silver Clay 999 &#8211; P\u00e2te de d&rsquo;Argent &#8211; 10g<\/strong><\/p>\n<p>P\u00e2te de m\u00e9tal pr\u00eate \u00e0 l\u2019utilisation, pouvant \u00eatre model\u00e9e, moul\u00e9e, sculpt\u00e9e tr\u00e8s<br \/>\nfacilement.<\/p>\n<p>Pendant la cuisson le liant organique br\u00fble, les microparticules s\u2019agglom\u00e8rent et vous obtenez une pi\u00e8ce en argent 999\/1000.<\/p>\n<p>Prometheus Silver Clay 999 peut \u00eatre cuite avec les corundums, spinel, nano crystal et est compatibles avec tous les appr\u00eats en argent 999.<\/p>\n<p>Cuisson sur plaque 570\u00b0C\/(1058\u00b0F) pendant 1 heure &#8211; R\u00e9duction de 12%<\/p>\n<p>Cuisson sur plaque 700\u00b0C\/(1292\u00b0F) pendant 1 heure &#8211; R\u00e9duction de 13%<\/p>\n<p><em>Paquet vendu \u00e0 l&rsquo;unit\u00e9<\/em><\/p>\n","protected":false},"featured_media":1886,"comment_status":"open","ping_status":"closed","template":"","meta":{"sfsi_plus_gutenberg_text_before_share":"","sfsi_plus_gutenberg_show_text_before_share":"","sfsi_plus_gutenberg_icon_type":"","sfsi_plus_gutenberg_icon_alignemt":"","sfsi_plus_gutenburg_max_per_row":""},"product_cat":[24],"product_tag":[],"class_list":["post-1885","product","type-product","status-publish","has-post-thumbnail","hentry","product_cat-prometheus"],"jetpack_sharing_enabled":true,"_links":{"self":[{"href":"https:\/\/www.zina-shop.com\/index.php\/wp-json\/wp\/v2\/product\/1885","targetHints":{"allow":["GET"]}}],"collection":[{"href":"https:\/\/www.zina-shop.com\/index.php\/wp-json\/wp\/v2\/product"}],"about":[{"href":"https:\/\/www.zina-shop.com\/index.php\/wp-json\/wp\/v2\/types\/product"}],"replies":[{"embeddable":true,"href":"https:\/\/www.zina-shop.com\/index.php\/wp-json\/wp\/v2\/comments?post=1885"}],"wp:featuredmedia":[{"embeddable":true,"href":"https:\/\/www.zina-shop.com\/index.php\/wp-json\/wp\/v2\/media\/1886"}],"wp:attachment":[{"href":"https:\/\/www.zina-shop.com\/index.php\/wp-json\/wp\/v2\/media?parent=1885"}],"wp:term":[{"taxonomy":"product_cat","embeddable":true,"href":"https:\/\/www.zina-shop.com\/index.php\/wp-json\/wp\/v2\/product_cat?post=1885"},{"taxonomy":"product_tag","embeddable":true,"href":"https:\/\/www.zina-shop.com\/index.php\/wp-json\/wp\/v2\/product_tag?post=1885"}],"curies":[{"name":"wp","href":"https:\/\/api.w.org\/{rel}","templated":true}]}}