{"id":1879,"date":"2020-02-07T12:32:28","date_gmt":"2020-02-07T11:32:28","guid":{"rendered":"http:\/\/www.zina-shop.com\/?post_type=product&#038;p=1879"},"modified":"2022-12-21T14:56:09","modified_gmt":"2022-12-21T13:56:09","slug":"prometheus-silver-clay-950-25g","status":"publish","type":"product","link":"https:\/\/www.zina-shop.com\/index.php\/produit\/prometheus-silver-clay-950-25g\/","title":{"rendered":"Prometheus Silver Clay 950 25g"},"content":{"rendered":"<p>Prometheus Silver Clay 950 &#8211; P\u00e2te de d&rsquo;Argent &#8211; 25g<\/p>\n","protected":false},"excerpt":{"rendered":"<p><strong>Prometheus Silver Clay 950 &#8211; P\u00e2te de d&rsquo;Argent &#8211; 25g<\/strong><\/p>\n<p>P\u00e2te de m\u00e9tal pr\u00eate \u00e0 l\u2019utilisation, pouvant \u00eatre model\u00e9e, moul\u00e9e, sculpt\u00e9e tr\u00e8s<br \/>\nfacilement.<\/p>\n<p>Pendant la cuisson le liant organique br\u00fble, les microparticules s\u2019agglom\u00e8rent et vous obtenez une pi\u00e8ce en argent 950\/1000.<\/p>\n<p>Prometheus Silver Clay 950 peut \u00eatre cuite avec les corundums, spinel, nano crystal et est compatibles avec tous les appr\u00eats en argent 999.<\/p>\n<p>La r\u00e9duction de Prometheus Silver Clay 950 est de 15%<\/p>\n<p>Cuisson sur plaque 800\u00b0C\/(1470\u00b0F) pendant 1 heure<\/p>\n<p><em>Paquet vendu \u00e0 l&rsquo;unit\u00e9<\/em><\/p>\n","protected":false},"featured_media":1880,"comment_status":"open","ping_status":"closed","template":"","meta":{"sfsi_plus_gutenberg_text_before_share":"","sfsi_plus_gutenberg_show_text_before_share":"","sfsi_plus_gutenberg_icon_type":"","sfsi_plus_gutenberg_icon_alignemt":"","sfsi_plus_gutenburg_max_per_row":""},"product_cat":[24],"product_tag":[],"class_list":["post-1879","product","type-product","status-publish","has-post-thumbnail","hentry","product_cat-prometheus"],"jetpack_sharing_enabled":true,"_links":{"self":[{"href":"https:\/\/www.zina-shop.com\/index.php\/wp-json\/wp\/v2\/product\/1879","targetHints":{"allow":["GET"]}}],"collection":[{"href":"https:\/\/www.zina-shop.com\/index.php\/wp-json\/wp\/v2\/product"}],"about":[{"href":"https:\/\/www.zina-shop.com\/index.php\/wp-json\/wp\/v2\/types\/product"}],"replies":[{"embeddable":true,"href":"https:\/\/www.zina-shop.com\/index.php\/wp-json\/wp\/v2\/comments?post=1879"}],"wp:featuredmedia":[{"embeddable":true,"href":"https:\/\/www.zina-shop.com\/index.php\/wp-json\/wp\/v2\/media\/1880"}],"wp:attachment":[{"href":"https:\/\/www.zina-shop.com\/index.php\/wp-json\/wp\/v2\/media?parent=1879"}],"wp:term":[{"taxonomy":"product_cat","embeddable":true,"href":"https:\/\/www.zina-shop.com\/index.php\/wp-json\/wp\/v2\/product_cat?post=1879"},{"taxonomy":"product_tag","embeddable":true,"href":"https:\/\/www.zina-shop.com\/index.php\/wp-json\/wp\/v2\/product_tag?post=1879"}],"curies":[{"name":"wp","href":"https:\/\/api.w.org\/{rel}","templated":true}]}}