{"id":1856,"date":"2020-02-07T11:20:59","date_gmt":"2020-02-07T10:20:59","guid":{"rendered":"http:\/\/www.zina-shop.com\/?post_type=product&#038;p=1856"},"modified":"2022-04-07T15:15:00","modified_gmt":"2022-04-07T13:15:00","slug":"prometheus-jewellers-sterling-white-bronze-clay-200","status":"publish","type":"product","link":"https:\/\/www.zina-shop.com\/index.php\/produit\/prometheus-jewellers-sterling-white-bronze-clay-200\/","title":{"rendered":"Prometheus Jeweller&rsquo;s Sterling White Bronze Clay 200"},"content":{"rendered":"<p>Prometheus Jeweller&rsquo;s Sterling White Bronze Clay &#8211; P\u00e2te de Bronze &#8211; 200g<\/p>\n","protected":false},"excerpt":{"rendered":"<p><strong>Prometheus Jeweller&rsquo;s Sterling White Bronze Clay &#8211; P\u00e2te de Bronze &#8211; 200g <\/strong><\/p>\n<p>P\u00e2te de m\u00e9tal pr\u00eate \u00e0 l\u2019utilisation, pouvant \u00eatre model\u00e9e, moul\u00e9e, sculpt\u00e9e tr\u00e8s<br \/>\nfacilement.<\/p>\n<p>Pendant la cuisson le liant organique br\u00fble, les microparticules s\u2019agglom\u00e8rent et vous obtenez une pi\u00e8ce en pur bronze blanc.<br \/>\nComposition :\u00a0\u00a0Liant organique, microparticules de bronze et eau.<\/p>\n<p>Prometheus Jeweller&rsquo;s sterling white Bronze clay peut \u00eatre cuite avec les corundums, spinel, nano crystal.<\/p>\n<p><em>Paquet vendu \u00e0 l&rsquo;unit\u00e9<\/em><\/p>\n","protected":false},"featured_media":1857,"comment_status":"open","ping_status":"closed","template":"","meta":{"sfsi_plus_gutenberg_text_before_share":"","sfsi_plus_gutenberg_show_text_before_share":"","sfsi_plus_gutenberg_icon_type":"","sfsi_plus_gutenberg_icon_alignemt":"","sfsi_plus_gutenburg_max_per_row":""},"product_cat":[24],"product_tag":[],"class_list":["post-1856","product","type-product","status-publish","has-post-thumbnail","hentry","product_cat-prometheus"],"jetpack_sharing_enabled":true,"_links":{"self":[{"href":"https:\/\/www.zina-shop.com\/index.php\/wp-json\/wp\/v2\/product\/1856","targetHints":{"allow":["GET"]}}],"collection":[{"href":"https:\/\/www.zina-shop.com\/index.php\/wp-json\/wp\/v2\/product"}],"about":[{"href":"https:\/\/www.zina-shop.com\/index.php\/wp-json\/wp\/v2\/types\/product"}],"replies":[{"embeddable":true,"href":"https:\/\/www.zina-shop.com\/index.php\/wp-json\/wp\/v2\/comments?post=1856"}],"wp:featuredmedia":[{"embeddable":true,"href":"https:\/\/www.zina-shop.com\/index.php\/wp-json\/wp\/v2\/media\/1857"}],"wp:attachment":[{"href":"https:\/\/www.zina-shop.com\/index.php\/wp-json\/wp\/v2\/media?parent=1856"}],"wp:term":[{"taxonomy":"product_cat","embeddable":true,"href":"https:\/\/www.zina-shop.com\/index.php\/wp-json\/wp\/v2\/product_cat?post=1856"},{"taxonomy":"product_tag","embeddable":true,"href":"https:\/\/www.zina-shop.com\/index.php\/wp-json\/wp\/v2\/product_tag?post=1856"}],"curies":[{"name":"wp","href":"https:\/\/api.w.org\/{rel}","templated":true}]}}