{"id":1845,"date":"2020-02-07T10:54:01","date_gmt":"2020-02-07T09:54:01","guid":{"rendered":"http:\/\/www.zina-shop.com\/?post_type=product&#038;p=1845"},"modified":"2021-04-26T21:04:22","modified_gmt":"2021-04-26T19:04:22","slug":"prometheus-sunny-bronze-clay-50","status":"publish","type":"product","link":"https:\/\/www.zina-shop.com\/index.php\/produit\/prometheus-sunny-bronze-clay-50\/","title":{"rendered":"Prometheus Sunny Bronze Clay 50"},"content":{"rendered":"<p>Prometheus Sunny Bronze Clay &#8211; P\u00e2te de Bronze &#8211; 50g<\/p>\n","protected":false},"excerpt":{"rendered":"<p><strong>Prometheus Sunny Bronze Clay &#8211; P\u00e2te de Bronze &#8211; 50g <\/strong><\/p>\n<p>P\u00e2te de m\u00e9tal pr\u00eate \u00e0 l\u2019utilisation, pouvant \u00eatre model\u00e9e, moul\u00e9e, sculpt\u00e9e tr\u00e8s<br \/>\nfacilement.<\/p>\n<p>Pendant la cuisson le liant organique br\u00fble, les microparticules s\u2019agglom\u00e8rent et vous obtenez une pi\u00e8ce en pur bronze.<br \/>\nComposition :\u00a0\u00a0Liant organique, microparticules de bronze et eau.<\/p>\n<p>Prometheus Bronze clay peut \u00eatre cuite avec les corundums, spinel, nano crystal ainsi que tous les appr\u00eats et fils en bronze.<\/p>\n<p><em>Paquet vendu \u00e0 l&rsquo;unit\u00e9<\/em><\/p>\n","protected":false},"featured_media":1846,"comment_status":"open","ping_status":"closed","template":"","meta":{"sfsi_plus_gutenberg_text_before_share":"","sfsi_plus_gutenberg_show_text_before_share":"","sfsi_plus_gutenberg_icon_type":"","sfsi_plus_gutenberg_icon_alignemt":"","sfsi_plus_gutenburg_max_per_row":""},"product_cat":[24],"product_tag":[],"class_list":["post-1845","product","type-product","status-publish","has-post-thumbnail","hentry","product_cat-prometheus"],"jetpack_sharing_enabled":true,"_links":{"self":[{"href":"https:\/\/www.zina-shop.com\/index.php\/wp-json\/wp\/v2\/product\/1845","targetHints":{"allow":["GET"]}}],"collection":[{"href":"https:\/\/www.zina-shop.com\/index.php\/wp-json\/wp\/v2\/product"}],"about":[{"href":"https:\/\/www.zina-shop.com\/index.php\/wp-json\/wp\/v2\/types\/product"}],"replies":[{"embeddable":true,"href":"https:\/\/www.zina-shop.com\/index.php\/wp-json\/wp\/v2\/comments?post=1845"}],"wp:featuredmedia":[{"embeddable":true,"href":"https:\/\/www.zina-shop.com\/index.php\/wp-json\/wp\/v2\/media\/1846"}],"wp:attachment":[{"href":"https:\/\/www.zina-shop.com\/index.php\/wp-json\/wp\/v2\/media?parent=1845"}],"wp:term":[{"taxonomy":"product_cat","embeddable":true,"href":"https:\/\/www.zina-shop.com\/index.php\/wp-json\/wp\/v2\/product_cat?post=1845"},{"taxonomy":"product_tag","embeddable":true,"href":"https:\/\/www.zina-shop.com\/index.php\/wp-json\/wp\/v2\/product_tag?post=1845"}],"curies":[{"name":"wp","href":"https:\/\/api.w.org\/{rel}","templated":true}]}}