{"id":1839,"date":"2020-02-07T10:36:37","date_gmt":"2020-02-07T09:36:37","guid":{"rendered":"http:\/\/www.zina-shop.com\/?post_type=product&#038;p=1839"},"modified":"2021-11-19T18:58:02","modified_gmt":"2021-11-19T17:58:02","slug":"prometheus-copper-clay-100","status":"publish","type":"product","link":"https:\/\/www.zina-shop.com\/index.php\/produit\/prometheus-copper-clay-100\/","title":{"rendered":"Prometheus Copper Clay 100"},"content":{"rendered":"<p>Prometheus Copper Clay &#8211; P\u00e2te de Cuivre &#8211; 100g<\/p>\n","protected":false},"excerpt":{"rendered":"<p><strong>Prometheus Copper Clay &#8211; P\u00e2te de Cuivre &#8211; 100g <\/strong><\/p>\n<p>P\u00e2te de m\u00e9tal pr\u00eate \u00e0 l\u2019utilisation, pouvant \u00eatre model\u00e9e, moul\u00e9e, sculpt\u00e9e tr\u00e8s<br \/>\nfacilement.<\/p>\n<p>Pendant la cuisson le liant organique br\u00fble, les microparticules s\u2019agglom\u00e8rent et vous obtenez une pi\u00e8ce en pur cuivre.<br \/>\nComposition :\u00a0\u00a0Liant organique, microparticules de cuivre et eau.<\/p>\n<p>Prometheus Bronze clay peut \u00eatre cuite avec les corundums, spinel, nano crystal.<\/p>\n<p>Cuisson : Sur plaque \u00e0 920\u00b0C pendant 30min.<\/p>\n<p>Dans fibre c\u00e9ramique avec charbon \u00e0 850\u00b0C pendant 1H<\/p>\n<p>Sur plaque 500\u00b0C pendant 10 min puis dans charbon \u00e0 850\u00b0C pendant 1h30 ou 800\u00b0C pendant 2H<\/p>\n<p>Au chalumeau pour les petites pi\u00e8ces 5min<\/p>\n<p>Dans charbon \u00e0 830\u00b0C pendant 3H, avec d\u00e9liantage au pr\u00e9alable.<\/p>\n<p><em>Paquet vendu \u00e0 l&rsquo;unit\u00e9<\/em><\/p>\n","protected":false},"featured_media":1840,"comment_status":"open","ping_status":"closed","template":"","meta":{"sfsi_plus_gutenberg_text_before_share":"","sfsi_plus_gutenberg_show_text_before_share":"","sfsi_plus_gutenberg_icon_type":"","sfsi_plus_gutenberg_icon_alignemt":"","sfsi_plus_gutenburg_max_per_row":""},"product_cat":[24],"product_tag":[],"class_list":["post-1839","product","type-product","status-publish","has-post-thumbnail","hentry","product_cat-prometheus"],"jetpack_sharing_enabled":true,"_links":{"self":[{"href":"https:\/\/www.zina-shop.com\/index.php\/wp-json\/wp\/v2\/product\/1839","targetHints":{"allow":["GET"]}}],"collection":[{"href":"https:\/\/www.zina-shop.com\/index.php\/wp-json\/wp\/v2\/product"}],"about":[{"href":"https:\/\/www.zina-shop.com\/index.php\/wp-json\/wp\/v2\/types\/product"}],"replies":[{"embeddable":true,"href":"https:\/\/www.zina-shop.com\/index.php\/wp-json\/wp\/v2\/comments?post=1839"}],"wp:featuredmedia":[{"embeddable":true,"href":"https:\/\/www.zina-shop.com\/index.php\/wp-json\/wp\/v2\/media\/1840"}],"wp:attachment":[{"href":"https:\/\/www.zina-shop.com\/index.php\/wp-json\/wp\/v2\/media?parent=1839"}],"wp:term":[{"taxonomy":"product_cat","embeddable":true,"href":"https:\/\/www.zina-shop.com\/index.php\/wp-json\/wp\/v2\/product_cat?post=1839"},{"taxonomy":"product_tag","embeddable":true,"href":"https:\/\/www.zina-shop.com\/index.php\/wp-json\/wp\/v2\/product_tag?post=1839"}],"curies":[{"name":"wp","href":"https:\/\/api.w.org\/{rel}","templated":true}]}}