{"id":1823,"date":"2020-02-07T09:10:19","date_gmt":"2020-02-07T08:10:19","guid":{"rendered":"http:\/\/www.zina-shop.com\/?post_type=product&#038;p=1823"},"modified":"2020-03-13T22:55:52","modified_gmt":"2020-03-13T21:55:52","slug":"goldie-bronze-clay-snow-50","status":"publish","type":"product","link":"https:\/\/www.zina-shop.com\/index.php\/produit\/goldie-bronze-clay-snow-50\/","title":{"rendered":"Goldie Bronze Clay  Snow 50"},"content":{"rendered":"<p>Goldie Bronze Snow &#8211; P\u00e2te de Bronze &#8211; 50g<\/p>\n","protected":false},"excerpt":{"rendered":"<p><strong>Goldie Bronze Snow &#8211; P\u00e2te de Bronze &#8211; 50g <\/strong><\/p>\n<p>P\u00e2te de m\u00e9tal sous forme de poudre \u00e0 reconstituer avec de l&rsquo;eau, pouvant \u00eatre<br \/>\nmodel\u00e9e, moul\u00e9e, sculpt\u00e9e tr\u00e8s facilement. Couleur argent\u00e9.<\/p>\n<p>Pendant la cuisson le liant organique br\u00fble, les microparticules s\u2019agglom\u00e8rent et vous obtenez une<br \/>\npi\u00e8ce en pur bronze.<\/p>\n<p>Composition : environ 79% de cuivre et 21% d&rsquo;\u00e9tain<\/p>\n<p>Goldie Bronze clay snow peut \u00eatre cuite avec les corundums, spinels, nano crystal, tous les appr\u00eats et fils en bronze, et les sertissures en laiton et acier inox.<\/p>\n<p>Cuisson tr\u00e8s simple au four:<br \/>\nD\u00e9liantage: sur un lit de chabon activ\u00e9 coco, 20 minutes \u00e0 350\u00b0C (662\u00b0F)\u00a0\u00a0\u00a0\u00a0\u00a0\u00a0\u00a0\u00a0\u00a0\u00a0\u00a0\u00a0\u00a0\u00a0\u00a0\u00a0\u00a0\u00a0\u00a0\u00a0\u00a0\u00a0\u00a0\u00a0\u00a0\u00a0\u00a0\u00a0\u00a0\u00a0\u00a0\u00a0\u00a0\u00a0\u00a0\u00a0\u00a0\u00a0\u00a0\u00a0\u00a0\u00a0\u00a0\u00a0\u00a0\u00a0\u00a0\u00a0\u00a0\u00a0 Cuisson: recouvrir de charbon activ\u00e9 coco, 1\u00a0heure\u00a0et\u00a050\u00a0minutes\u00a0\u00e0\u00a0740\u00b0C\u00a0(1364\u00b0F)<\/p>\n<p><em>Paquet vendu \u00e0 l&rsquo;unit\u00e9<\/em><\/p>\n","protected":false},"featured_media":1824,"comment_status":"open","ping_status":"closed","template":"","meta":{"sfsi_plus_gutenberg_text_before_share":"","sfsi_plus_gutenberg_show_text_before_share":"","sfsi_plus_gutenberg_icon_type":"","sfsi_plus_gutenberg_icon_alignemt":"","sfsi_plus_gutenburg_max_per_row":""},"product_cat":[23],"product_tag":[],"class_list":["post-1823","product","type-product","status-publish","has-post-thumbnail","hentry","product_cat-goldie"],"jetpack_sharing_enabled":true,"_links":{"self":[{"href":"https:\/\/www.zina-shop.com\/index.php\/wp-json\/wp\/v2\/product\/1823","targetHints":{"allow":["GET"]}}],"collection":[{"href":"https:\/\/www.zina-shop.com\/index.php\/wp-json\/wp\/v2\/product"}],"about":[{"href":"https:\/\/www.zina-shop.com\/index.php\/wp-json\/wp\/v2\/types\/product"}],"replies":[{"embeddable":true,"href":"https:\/\/www.zina-shop.com\/index.php\/wp-json\/wp\/v2\/comments?post=1823"}],"wp:featuredmedia":[{"embeddable":true,"href":"https:\/\/www.zina-shop.com\/index.php\/wp-json\/wp\/v2\/media\/1824"}],"wp:attachment":[{"href":"https:\/\/www.zina-shop.com\/index.php\/wp-json\/wp\/v2\/media?parent=1823"}],"wp:term":[{"taxonomy":"product_cat","embeddable":true,"href":"https:\/\/www.zina-shop.com\/index.php\/wp-json\/wp\/v2\/product_cat?post=1823"},{"taxonomy":"product_tag","embeddable":true,"href":"https:\/\/www.zina-shop.com\/index.php\/wp-json\/wp\/v2\/product_tag?post=1823"}],"curies":[{"name":"wp","href":"https:\/\/api.w.org\/{rel}","templated":true}]}}