{"id":1822,"date":"2020-02-07T09:06:35","date_gmt":"2020-02-07T08:06:35","guid":{"rendered":"http:\/\/www.zina-shop.com\/?post_type=product&#038;p=1822"},"modified":"2025-02-26T16:31:24","modified_gmt":"2025-02-26T15:31:24","slug":"goldie-clay-copper-50","status":"publish","type":"product","link":"https:\/\/www.zina-shop.com\/index.php\/produit\/goldie-clay-copper-50\/","title":{"rendered":"Goldie Clay Copper 50"},"content":{"rendered":"<p>Goldie Copper &#8211; P\u00e2te de Cuivre &#8211; 50g<\/p>\n","protected":false},"excerpt":{"rendered":"<p><strong>Goldie Copper &#8211; P\u00e2te de Cuivre &#8211; 50g <\/strong><\/p>\n<p>P\u00e2te de m\u00e9tal sous forme de poudre \u00e0 reconstituer avec de l&rsquo;eau, pouvant \u00eatre<br \/>\nmodel\u00e9e, moul\u00e9e, sculpt\u00e9e tr\u00e8s facilement.<\/p>\n<p>Pendant la cuisson le liant organique br\u00fble, les microparticules s\u2019agglom\u00e8rent et vous obtenez une<br \/>\npi\u00e8ce en pur cuivre.<\/p>\n<p>Composition : environ 99.9% de cuivre<\/p>\n<p>Goldie Copper clay peut \u00eatre cuite avec les corundums, spinels, nano crystal, tous les appr\u00eats et fils en cuivre.<\/p>\n<p>Cuisson tr\u00e8s simple au four:<br \/>\nD\u00e9liantage: sur un lit de chabon activ\u00e9 coco, 20 minutes \u00e0 380\u00b0C (1080\u00b0F)\u00a0\u00a0\u00a0\u00a0\u00a0\u00a0\u00a0\u00a0\u00a0\u00a0\u00a0\u00a0\u00a0\u00a0\u00a0\u00a0\u00a0\u00a0\u00a0\u00a0\u00a0\u00a0\u00a0\u00a0\u00a0\u00a0\u00a0\u00a0\u00a0\u00a0\u00a0\u00a0\u00a0\u00a0\u00a0\u00a0\u00a0\u00a0\u00a0\u00a0\u00a0\u00a0\u00a0\u00a0\u00a0\u00a0\u00a0\u00a0\u00a0\u00a0 Cuisson: recouvrir de charbon activ\u00e9 coco, entre\u00a02\u00a0et\u00a03\u00a0heures\u00a0\u00e0\u00a0960\u00b0C\u00a0(1740\u00b0F)<\/p>\n<p><em>Paquet ou flacon (selon stock) vendu \u00e0 l&rsquo;unit\u00e9<\/em><\/p>\n","protected":false},"featured_media":1821,"comment_status":"open","ping_status":"closed","template":"","meta":{"sfsi_plus_gutenberg_text_before_share":"","sfsi_plus_gutenberg_show_text_before_share":"","sfsi_plus_gutenberg_icon_type":"","sfsi_plus_gutenberg_icon_alignemt":"","sfsi_plus_gutenburg_max_per_row":""},"product_cat":[23],"product_tag":[],"class_list":["post-1822","product","type-product","status-publish","has-post-thumbnail","hentry","product_cat-goldie"],"jetpack_sharing_enabled":true,"_links":{"self":[{"href":"https:\/\/www.zina-shop.com\/index.php\/wp-json\/wp\/v2\/product\/1822","targetHints":{"allow":["GET"]}}],"collection":[{"href":"https:\/\/www.zina-shop.com\/index.php\/wp-json\/wp\/v2\/product"}],"about":[{"href":"https:\/\/www.zina-shop.com\/index.php\/wp-json\/wp\/v2\/types\/product"}],"replies":[{"embeddable":true,"href":"https:\/\/www.zina-shop.com\/index.php\/wp-json\/wp\/v2\/comments?post=1822"}],"wp:featuredmedia":[{"embeddable":true,"href":"https:\/\/www.zina-shop.com\/index.php\/wp-json\/wp\/v2\/media\/1821"}],"wp:attachment":[{"href":"https:\/\/www.zina-shop.com\/index.php\/wp-json\/wp\/v2\/media?parent=1822"}],"wp:term":[{"taxonomy":"product_cat","embeddable":true,"href":"https:\/\/www.zina-shop.com\/index.php\/wp-json\/wp\/v2\/product_cat?post=1822"},{"taxonomy":"product_tag","embeddable":true,"href":"https:\/\/www.zina-shop.com\/index.php\/wp-json\/wp\/v2\/product_tag?post=1822"}],"curies":[{"name":"wp","href":"https:\/\/api.w.org\/{rel}","templated":true}]}}