{"id":1813,"date":"2020-02-07T08:34:25","date_gmt":"2020-02-07T07:34:25","guid":{"rendered":"http:\/\/www.zina-shop.com\/?post_type=product&#038;p=1813"},"modified":"2022-04-06T22:36:37","modified_gmt":"2022-04-06T20:36:37","slug":"hadars-clay-steel-xt-low-shrinkage-quick-fire-50g","status":"publish","type":"product","link":"https:\/\/www.zina-shop.com\/index.php\/produit\/hadars-clay-steel-xt-low-shrinkage-quick-fire-50g\/","title":{"rendered":"HADAR&rsquo;S CLAY STEEL XT LOW SHRINKAGE QUICK FIRE &#8211; 50G"},"content":{"rendered":"<p>Hadar&rsquo;s Clay Steel XT Low Shrinkage Quick Fire &#8211; 50g<\/p>\n","protected":false},"excerpt":{"rendered":"<p><strong>Hadar&rsquo;s Clay Steel XT Low Shrinkage Quick Fire &#8211; 50g <\/strong><\/p>\n<p>Low Shrinkage Quick\u00adfire Steel XT est une p\u00e2te de m\u00e9tal de couleur argent facile \u00e0 cuire. Elle se pr\u00e9sente en poudre \u00e0 reconstituer.<\/p>\n<p>Elle peut \u00eatre utilis\u00e9e seule ou combin\u00e9e avec du cuivre, du bronze champagne et du White satin<br \/>\nLes pi\u00e8ces fines r\u00e9duisent de seulement 10%<\/p>\n","protected":false},"featured_media":1814,"comment_status":"open","ping_status":"closed","template":"","meta":{"sfsi_plus_gutenberg_text_before_share":"","sfsi_plus_gutenberg_show_text_before_share":"","sfsi_plus_gutenberg_icon_type":"","sfsi_plus_gutenberg_icon_alignemt":"","sfsi_plus_gutenburg_max_per_row":""},"product_cat":[25],"product_tag":[],"class_list":["post-1813","product","type-product","status-publish","has-post-thumbnail","hentry","product_cat-hadars-clay"],"jetpack_sharing_enabled":true,"_links":{"self":[{"href":"https:\/\/www.zina-shop.com\/index.php\/wp-json\/wp\/v2\/product\/1813","targetHints":{"allow":["GET"]}}],"collection":[{"href":"https:\/\/www.zina-shop.com\/index.php\/wp-json\/wp\/v2\/product"}],"about":[{"href":"https:\/\/www.zina-shop.com\/index.php\/wp-json\/wp\/v2\/types\/product"}],"replies":[{"embeddable":true,"href":"https:\/\/www.zina-shop.com\/index.php\/wp-json\/wp\/v2\/comments?post=1813"}],"wp:featuredmedia":[{"embeddable":true,"href":"https:\/\/www.zina-shop.com\/index.php\/wp-json\/wp\/v2\/media\/1814"}],"wp:attachment":[{"href":"https:\/\/www.zina-shop.com\/index.php\/wp-json\/wp\/v2\/media?parent=1813"}],"wp:term":[{"taxonomy":"product_cat","embeddable":true,"href":"https:\/\/www.zina-shop.com\/index.php\/wp-json\/wp\/v2\/product_cat?post=1813"},{"taxonomy":"product_tag","embeddable":true,"href":"https:\/\/www.zina-shop.com\/index.php\/wp-json\/wp\/v2\/product_tag?post=1813"}],"curies":[{"name":"wp","href":"https:\/\/api.w.org\/{rel}","templated":true}]}}