{"id":1811,"date":"2020-02-07T08:32:04","date_gmt":"2020-02-07T07:32:04","guid":{"rendered":"http:\/\/www.zina-shop.com\/?post_type=product&#038;p=1811"},"modified":"2022-04-06T22:36:37","modified_gmt":"2022-04-06T20:36:37","slug":"hadars-clay-white-satin-50g","status":"publish","type":"product","link":"https:\/\/www.zina-shop.com\/index.php\/produit\/hadars-clay-white-satin-50g\/","title":{"rendered":"HADAR&rsquo;S CLAY WHITE SATIN &#8211; 50G"},"content":{"rendered":"<p>Hadar&rsquo;s Clay White Satin &#8211; 50g<\/p>\n","protected":false},"excerpt":{"rendered":"<p><strong>Hadar&rsquo;s Clay White Satin &#8211; 50g<\/strong><\/p>\n<p>White Satin est une p\u00e2te de m\u00e9tal de couleur argent facile \u00e0 cuire. Elle se pr\u00e9sente en poudre \u00e0 reconstituer.<\/p>\n<p>Elle se cuit en une seule phase, seule ou combin\u00e9e avec du cuivre, du bronze champagne et du Low\u00adShrinkage Steel<br \/>\nLes pi\u00e8ces fines r\u00e9duisent de 30%<br \/>\nLes bagues r\u00e9duisent de 3 tailles<\/p>\n","protected":false},"featured_media":1812,"comment_status":"open","ping_status":"closed","template":"","meta":{"sfsi_plus_gutenberg_text_before_share":"","sfsi_plus_gutenberg_show_text_before_share":"","sfsi_plus_gutenberg_icon_type":"","sfsi_plus_gutenberg_icon_alignemt":"","sfsi_plus_gutenburg_max_per_row":""},"product_cat":[25],"product_tag":[],"class_list":["post-1811","product","type-product","status-publish","has-post-thumbnail","hentry","product_cat-hadars-clay"],"jetpack_sharing_enabled":true,"_links":{"self":[{"href":"https:\/\/www.zina-shop.com\/index.php\/wp-json\/wp\/v2\/product\/1811","targetHints":{"allow":["GET"]}}],"collection":[{"href":"https:\/\/www.zina-shop.com\/index.php\/wp-json\/wp\/v2\/product"}],"about":[{"href":"https:\/\/www.zina-shop.com\/index.php\/wp-json\/wp\/v2\/types\/product"}],"replies":[{"embeddable":true,"href":"https:\/\/www.zina-shop.com\/index.php\/wp-json\/wp\/v2\/comments?post=1811"}],"wp:featuredmedia":[{"embeddable":true,"href":"https:\/\/www.zina-shop.com\/index.php\/wp-json\/wp\/v2\/media\/1812"}],"wp:attachment":[{"href":"https:\/\/www.zina-shop.com\/index.php\/wp-json\/wp\/v2\/media?parent=1811"}],"wp:term":[{"taxonomy":"product_cat","embeddable":true,"href":"https:\/\/www.zina-shop.com\/index.php\/wp-json\/wp\/v2\/product_cat?post=1811"},{"taxonomy":"product_tag","embeddable":true,"href":"https:\/\/www.zina-shop.com\/index.php\/wp-json\/wp\/v2\/product_tag?post=1811"}],"curies":[{"name":"wp","href":"https:\/\/api.w.org\/{rel}","templated":true}]}}