{"id":1470,"date":"2020-02-03T13:18:29","date_gmt":"2020-02-03T12:18:29","guid":{"rendered":"http:\/\/www.zina-shop.com\/?post_type=product&#038;p=1470"},"modified":"2022-02-07T17:16:15","modified_gmt":"2022-02-07T16:16:15","slug":"art-clay-silver-seringue-10g","status":"publish","type":"product","link":"https:\/\/www.zina-shop.com\/index.php\/produit\/art-clay-silver-seringue-10g\/","title":{"rendered":"ART CLAY SILVER SERINGUE 10G"},"content":{"rendered":"<p style=\"text-align: left;\">Art Clay Silver Seringue- P\u00e2te d&rsquo;argent &#8211; 10g<\/p>\n<p>&nbsp;<\/p>\n<p>&nbsp;<\/p>\n","protected":false},"excerpt":{"rendered":"<p><strong>Art Clay Silver Seringue- P\u00e2te d&rsquo;argent &#8211; 10g <\/strong><\/p>\n<p>Art clay silver seringue sans embout<br \/>\nSeringue de 10g<\/p>\n<p>Contient de l&rsquo;argent pur \u00e0 99.9%. La p\u00e2te est constitu\u00e9e d&rsquo;argent fin et d&rsquo;un liant organique.<\/p>\n<p>Sous forme de p\u00e2te liquide dans une seringue pr\u00eate \u00e0 l&#8217;emploi.<\/p>\n<p>Permet de coller ensemble 2 pi\u00e8ces s\u00e8ches non cuite, de dessiner des lignes et des d\u00e9cors tr\u00e8s fins,<br \/>\nfaire du filigrane.<\/p>\n<p>Apr\u00e8s le modelage, la p\u00e2te doit s\u00e9cher 24h au minimum ou dans un four domestqiue (ne pas cuire \u00e0 plus de 90\u00b0C) ou dans un d\u00e9hydrateur.<\/p>\n<p>Cuire \u00e0 780\u00b0C \u00ad 5 minutes<br \/>\nsoit: Dans un four sur une plaque &#8211; Au le gaz sur une grille en inox &#8211; Au chalumeau sur une brique r\u00e9fractaire<\/p>\n","protected":false},"featured_media":1471,"comment_status":"open","ping_status":"closed","template":"","meta":{"sfsi_plus_gutenberg_text_before_share":"","sfsi_plus_gutenberg_show_text_before_share":"","sfsi_plus_gutenberg_icon_type":"","sfsi_plus_gutenberg_icon_alignemt":"","sfsi_plus_gutenburg_max_per_row":""},"product_cat":[21],"product_tag":[],"class_list":["post-1470","product","type-product","status-publish","has-post-thumbnail","hentry","product_cat-art-clay-silver"],"jetpack_sharing_enabled":true,"_links":{"self":[{"href":"https:\/\/www.zina-shop.com\/index.php\/wp-json\/wp\/v2\/product\/1470","targetHints":{"allow":["GET"]}}],"collection":[{"href":"https:\/\/www.zina-shop.com\/index.php\/wp-json\/wp\/v2\/product"}],"about":[{"href":"https:\/\/www.zina-shop.com\/index.php\/wp-json\/wp\/v2\/types\/product"}],"replies":[{"embeddable":true,"href":"https:\/\/www.zina-shop.com\/index.php\/wp-json\/wp\/v2\/comments?post=1470"}],"wp:featuredmedia":[{"embeddable":true,"href":"https:\/\/www.zina-shop.com\/index.php\/wp-json\/wp\/v2\/media\/1471"}],"wp:attachment":[{"href":"https:\/\/www.zina-shop.com\/index.php\/wp-json\/wp\/v2\/media?parent=1470"}],"wp:term":[{"taxonomy":"product_cat","embeddable":true,"href":"https:\/\/www.zina-shop.com\/index.php\/wp-json\/wp\/v2\/product_cat?post=1470"},{"taxonomy":"product_tag","embeddable":true,"href":"https:\/\/www.zina-shop.com\/index.php\/wp-json\/wp\/v2\/product_tag?post=1470"}],"curies":[{"name":"wp","href":"https:\/\/api.w.org\/{rel}","templated":true}]}}