{"id":1446,"date":"2020-02-02T17:01:19","date_gmt":"2020-02-02T16:01:19","guid":{"rendered":"http:\/\/www.zina-shop.com\/?post_type=product&#038;p=1446"},"modified":"2022-02-16T15:46:34","modified_gmt":"2022-02-16T14:46:34","slug":"art-clay-silver-paste-20g","status":"publish","type":"product","link":"https:\/\/www.zina-shop.com\/index.php\/produit\/art-clay-silver-paste-20g\/","title":{"rendered":"ART CLAY SILVER PASTE 20G"},"content":{"rendered":"<p style=\"text-align: left;\">Art Clay Silver Paste- P\u00e2te d&rsquo;argent liquide &#8211; 20g<\/p>\n<p>&nbsp;<\/p>\n<p>&nbsp;<\/p>\n","protected":false},"excerpt":{"rendered":"<p><strong>Art Clay Silver Paste- P\u00e2te d&rsquo;argent liquide &#8211; 20g<\/strong><\/p>\n<p>Art Clay Silver est compos\u00e9 de poudre de m\u00e9tal pure avec de l&rsquo;eau et lien organique non toxiques.<br \/>\nApr\u00e8s cuisson au four ou au chalumeau, les liants brulent ne laissant qu&rsquo;un argent pur \u00e0 99.9%.<\/p>\n<p>P\u00e2te pr\u00eate \u00e0 l&#8217;emploi<\/p>\n<p>Permet de coller ensembles deux pi\u00e8ces de p\u00e2tes s\u00e8ches non cuites, de r\u00e9parer des fissures qui peuvent apparaitre au s\u00e9chage. Peut \u00eatre utilis\u00e9 \u00e9galement pour couvrir des mati\u00e8res organiques comme des feuilles du bois etc&#8230;<\/p>\n<p>Apr\u00e8s le modelage, la p\u00e2te doit s\u00e9cher 24h au minimum ou dans un four domestqiue (ne pas cuire \u00e0 plus de 90\u00b0C) ou dans un d\u00e9hydrateur.<\/p>\n<p>Cuire \u00e0 780\u00b0C \u00ad 5 minutes<br \/>\nsoit: Dans un four sur une plaque &#8211; Au le gaz sur une grille en inox &#8211; Au chalumeau sur une brique r\u00e9fractaire<\/p>\n","protected":false},"featured_media":1447,"comment_status":"open","ping_status":"closed","template":"","meta":{"sfsi_plus_gutenberg_text_before_share":"","sfsi_plus_gutenberg_show_text_before_share":"","sfsi_plus_gutenberg_icon_type":"","sfsi_plus_gutenberg_icon_alignemt":"","sfsi_plus_gutenburg_max_per_row":""},"product_cat":[21],"product_tag":[],"class_list":["post-1446","product","type-product","status-publish","has-post-thumbnail","hentry","product_cat-art-clay-silver"],"jetpack_sharing_enabled":true,"_links":{"self":[{"href":"https:\/\/www.zina-shop.com\/index.php\/wp-json\/wp\/v2\/product\/1446","targetHints":{"allow":["GET"]}}],"collection":[{"href":"https:\/\/www.zina-shop.com\/index.php\/wp-json\/wp\/v2\/product"}],"about":[{"href":"https:\/\/www.zina-shop.com\/index.php\/wp-json\/wp\/v2\/types\/product"}],"replies":[{"embeddable":true,"href":"https:\/\/www.zina-shop.com\/index.php\/wp-json\/wp\/v2\/comments?post=1446"}],"wp:featuredmedia":[{"embeddable":true,"href":"https:\/\/www.zina-shop.com\/index.php\/wp-json\/wp\/v2\/media\/1447"}],"wp:attachment":[{"href":"https:\/\/www.zina-shop.com\/index.php\/wp-json\/wp\/v2\/media?parent=1446"}],"wp:term":[{"taxonomy":"product_cat","embeddable":true,"href":"https:\/\/www.zina-shop.com\/index.php\/wp-json\/wp\/v2\/product_cat?post=1446"},{"taxonomy":"product_tag","embeddable":true,"href":"https:\/\/www.zina-shop.com\/index.php\/wp-json\/wp\/v2\/product_tag?post=1446"}],"curies":[{"name":"wp","href":"https:\/\/api.w.org\/{rel}","templated":true}]}}