{"id":6396,"date":"2020-10-23T14:23:33","date_gmt":"2020-10-23T12:23:33","guid":{"rendered":"https:\/\/www.zina-shop.com\/?page_id=6396"},"modified":"2020-10-23T14:23:36","modified_gmt":"2020-10-23T12:23:36","slug":"creatrice","status":"publish","type":"page","link":"https:\/\/www.zina-shop.com\/index.php\/creatrice\/","title":{"rendered":"Cr\u00e9atrice"},"content":{"rendered":"\n<div class=\"wp-block-image is-style-default\"><figure class=\"aligncenter size-large is-resized\"><img loading=\"lazy\" decoding=\"async\" src=\"https:\/\/www.zina-shop.com\/wp-content\/uploads\/2020\/10\/122167946_405460930464686_5284180724895963134_n-811x1024.jpg\" alt=\"\" class=\"wp-image-6398\" width=\"416\" height=\"525\" srcset=\"https:\/\/www.zina-shop.com\/wp-content\/uploads\/2020\/10\/122167946_405460930464686_5284180724895963134_n-811x1024.jpg 811w, https:\/\/www.zina-shop.com\/wp-content\/uploads\/2020\/10\/122167946_405460930464686_5284180724895963134_n-238x300.jpg 238w, https:\/\/www.zina-shop.com\/wp-content\/uploads\/2020\/10\/122167946_405460930464686_5284180724895963134_n-768x970.jpg 768w, https:\/\/www.zina-shop.com\/wp-content\/uploads\/2020\/10\/122167946_405460930464686_5284180724895963134_n-1217x1536.jpg 1217w, https:\/\/www.zina-shop.com\/wp-content\/uploads\/2020\/10\/122167946_405460930464686_5284180724895963134_n-416x525.jpg 416w, https:\/\/www.zina-shop.com\/wp-content\/uploads\/2020\/10\/122167946_405460930464686_5284180724895963134_n.jpg 1622w\" sizes=\"auto, (max-width: 416px) 100vw, 416px\" \/><figcaption>C\u00e9z\u00e9rina Taib Albuquerque &#8211; Zina<\/figcaption><\/figure><\/div>\n\n\n\n<p class=\"has-drop-cap\">Apr\u00e8s des \u00e9tudes de commerce, j\u2019ai travaill\u00e9 dix ans dans une PME en tant qu\u2019attach\u00e9e commerciale.<\/p>\n\n\n\n<p>Travailler autour de ma passion, la cr\u00e9ation de bijoux, m\u2019est apparue comme une \u00e9vidence en 2010.<\/p>\n\n\n\n<p>Passionn\u00e9e par les bijoux en p\u00e2te de m\u00e9tal (argent fin \u2013 bronze \u2013 cuivre), j\u2019ai commenc\u00e9 \u00e0 cr\u00e9er des collections puis obtenu en 2010 mon poin\u00e7on de ma\u00eetre.<\/p>\n\n\n\n<p>L\u2019envie de transmettre ma passion m\u2019a amen\u00e9e \u00e0 me former aupr\u00e8s de la talentueuse et amie <a href=\"https:\/\/sabinealienor.com\/\" target=\"_blank\" rel=\"noreferrer noopener\">Sabine Alienor<\/a>.<\/p>\n\n\n\n<p>Je suis depuis 2011, instructeur certifi\u00e9e Art clay silver. J\u2019ai eu le plaisir de donner quelques formations avant de m\u2019expatrier en Tha\u00eflande pendant huit ans.<\/p>\n\n\n\n<p>En 2012 j\u2019ai cr\u00e9\u00e9 une web-boutique le Zina-shoP dans laquelle je propose des articles pour les cr\u00e9ateurs de bijoux occasionnels et professionnels, sp\u00e9cialis\u00e9e dans les produits sp\u00e9cifiques \u00e0 l\u2019univers des p\u00e2tes de m\u00e9taux.<\/p>\n\n\n\n<p>En 2017 j\u2019ai cr\u00e9\u00e9 ma marque de bijou Zina be unique.<\/p>\n\n\n\n<p><\/p>\n\n\n\n<div class=\"wp-block-image\"><figure class=\"aligncenter size-large is-resized\"><img loading=\"lazy\" decoding=\"async\" src=\"https:\/\/www.zina-shop.com\/wp-content\/uploads\/2020\/05\/logo-zina-cadre.jpg\" alt=\"\" class=\"wp-image-4416\" width=\"132\" height=\"132\" srcset=\"https:\/\/www.zina-shop.com\/wp-content\/uploads\/2020\/05\/logo-zina-cadre.jpg 560w, https:\/\/www.zina-shop.com\/wp-content\/uploads\/2020\/05\/logo-zina-cadre-300x300.jpg 300w, https:\/\/www.zina-shop.com\/wp-content\/uploads\/2020\/05\/logo-zina-cadre-150x150.jpg 150w, https:\/\/www.zina-shop.com\/wp-content\/uploads\/2020\/05\/logo-zina-cadre-324x324.jpg 324w, https:\/\/www.zina-shop.com\/wp-content\/uploads\/2020\/05\/logo-zina-cadre-416x415.jpg 416w, https:\/\/www.zina-shop.com\/wp-content\/uploads\/2020\/05\/logo-zina-cadre-100x100.jpg 100w\" sizes=\"auto, (max-width: 132px) 100vw, 132px\" \/><\/figure><\/div>\n\n\n\n<p class=\"has-drop-cap\">Mes bijoux sont cr\u00e9\u00e9s dans mon atelier au gr\u00e9 de mes envies et inspirations.<\/p>\n\n\n\n<p>Des bijoux l\u00e9gers et \u00e9pur\u00e9s comme une seconde peau, d\u2019autres plus imposants, qui suivent la mode et les tendances mais pas forc\u00e9ment&nbsp;!<\/p>\n\n\n\n<p>J\u2019utilise essentiellement l\u2019argent sterling 925\/1000 et l\u2019argent fin 950 et 999\/1000, des plaquages or fin et gold filled, des pierres gemmes et naturelles, des pierres de laboratoire de grande qualit\u00e9, des perles cristal et Miyuki.<\/p>\n\n\n\n<p>Enti\u00e8rement faits main, ce sont des pi\u00e8ces uniques ou de tr\u00e8s petites s\u00e9ries.<\/p>\n\n\n\n<p>La cr\u00e9ation est ma passion, mon refuge, mon \u00e9quilibre, puis la magie op\u00e8re et mes bijoux en sont le reflet\u2026<\/p>\n\n\n\n<div class=\"wp-block-group\"><div class=\"wp-block-group__inner-container is-layout-flow wp-block-group-is-layout-flow\">\n<p>Ces bijoux, ils sont pour vous&nbsp;!<\/p>\n<\/div><\/div>\n\n\n\n<div class=\"wp-block-group\"><div class=\"wp-block-group__inner-container is-layout-flow wp-block-group-is-layout-flow\">\n<div class=\"wp-block-group\"><div class=\"wp-block-group__inner-container is-layout-flow wp-block-group-is-layout-flow\">\n<p class=\"has-medium-font-size\"><em>C\u00e9z\u00e9rina &#8211; Zina<\/em><\/p>\n<\/div><\/div>\n<\/div><\/div>\n\n\n\n<ul class=\"wp-block-social-links is-layout-flex wp-block-social-links-is-layout-flex\"><li class=\"wp-social-link wp-social-link-facebook  wp-block-social-link\"><a href=\"https:\/\/www.facebook.com\/zinabeunique\" class=\"wp-block-social-link-anchor\"><svg width=\"24\" height=\"24\" viewBox=\"0 0 24 24\" version=\"1.1\" xmlns=\"http:\/\/www.w3.org\/2000\/svg\" aria-hidden=\"true\" focusable=\"false\"><path d=\"M12 2C6.5 2 2 6.5 2 12c0 5 3.7 9.1 8.4 9.9v-7H7.9V12h2.5V9.8c0-2.5 1.5-3.9 3.8-3.9 1.1 0 2.2.2 2.2.2v2.5h-1.3c-1.2 0-1.6.8-1.6 1.6V12h2.8l-.4 2.9h-2.3v7C18.3 21.1 22 17 22 12c0-5.5-4.5-10-10-10z\"><\/path><\/svg><span class=\"wp-block-social-link-label screen-reader-text\">Facebook<\/span><\/a><\/li>\n\n\n\n<li class=\"wp-social-link wp-social-link-instagram  wp-block-social-link\"><a href=\"https:\/\/www.instagram.com\/zinabeunique\/?hl=fr\" class=\"wp-block-social-link-anchor\"><svg width=\"24\" height=\"24\" viewBox=\"0 0 24 24\" version=\"1.1\" xmlns=\"http:\/\/www.w3.org\/2000\/svg\" aria-hidden=\"true\" focusable=\"false\"><path d=\"M12,4.622c2.403,0,2.688,0.009,3.637,0.052c0.877,0.04,1.354,0.187,1.671,0.31c0.42,0.163,0.72,0.358,1.035,0.673 c0.315,0.315,0.51,0.615,0.673,1.035c0.123,0.317,0.27,0.794,0.31,1.671c0.043,0.949,0.052,1.234,0.052,3.637 s-0.009,2.688-0.052,3.637c-0.04,0.877-0.187,1.354-0.31,1.671c-0.163,0.42-0.358,0.72-0.673,1.035 c-0.315,0.315-0.615,0.51-1.035,0.673c-0.317,0.123-0.794,0.27-1.671,0.31c-0.949,0.043-1.233,0.052-3.637,0.052 s-2.688-0.009-3.637-0.052c-0.877-0.04-1.354-0.187-1.671-0.31c-0.42-0.163-0.72-0.358-1.035-0.673 c-0.315-0.315-0.51-0.615-0.673-1.035c-0.123-0.317-0.27-0.794-0.31-1.671C4.631,14.688,4.622,14.403,4.622,12 s0.009-2.688,0.052-3.637c0.04-0.877,0.187-1.354,0.31-1.671c0.163-0.42,0.358-0.72,0.673-1.035 c0.315-0.315,0.615-0.51,1.035-0.673c0.317-0.123,0.794-0.27,1.671-0.31C9.312,4.631,9.597,4.622,12,4.622 M12,3 C9.556,3,9.249,3.01,8.289,3.054C7.331,3.098,6.677,3.25,6.105,3.472C5.513,3.702,5.011,4.01,4.511,4.511 c-0.5,0.5-0.808,1.002-1.038,1.594C3.25,6.677,3.098,7.331,3.054,8.289C3.01,9.249,3,9.556,3,12c0,2.444,0.01,2.751,0.054,3.711 c0.044,0.958,0.196,1.612,0.418,2.185c0.23,0.592,0.538,1.094,1.038,1.594c0.5,0.5,1.002,0.808,1.594,1.038 c0.572,0.222,1.227,0.375,2.185,0.418C9.249,20.99,9.556,21,12,21s2.751-0.01,3.711-0.054c0.958-0.044,1.612-0.196,2.185-0.418 c0.592-0.23,1.094-0.538,1.594-1.038c0.5-0.5,0.808-1.002,1.038-1.594c0.222-0.572,0.375-1.227,0.418-2.185 C20.99,14.751,21,14.444,21,12s-0.01-2.751-0.054-3.711c-0.044-0.958-0.196-1.612-0.418-2.185c-0.23-0.592-0.538-1.094-1.038-1.594 c-0.5-0.5-1.002-0.808-1.594-1.038c-0.572-0.222-1.227-0.375-2.185-0.418C14.751,3.01,14.444,3,12,3L12,3z M12,7.378 c-2.552,0-4.622,2.069-4.622,4.622S9.448,16.622,12,16.622s4.622-2.069,4.622-4.622S14.552,7.378,12,7.378z M12,15 c-1.657,0-3-1.343-3-3s1.343-3,3-3s3,1.343,3,3S13.657,15,12,15z M16.804,6.116c-0.596,0-1.08,0.484-1.08,1.08 s0.484,1.08,1.08,1.08c0.596,0,1.08-0.484,1.08-1.08S17.401,6.116,16.804,6.116z\"><\/path><\/svg><span class=\"wp-block-social-link-label screen-reader-text\">Instagram<\/span><\/a><\/li>\n\n\n\n\n\n\n\n<li class=\"wp-social-link wp-social-link-pinterest  wp-block-social-link\"><a href=\"https:\/\/www.pinterest.fr\/zinabeunique\/\" class=\"wp-block-social-link-anchor\"><svg width=\"24\" height=\"24\" viewBox=\"0 0 24 24\" version=\"1.1\" xmlns=\"http:\/\/www.w3.org\/2000\/svg\" aria-hidden=\"true\" focusable=\"false\"><path d=\"M12.289,2C6.617,2,3.606,5.648,3.606,9.622c0,1.846,1.025,4.146,2.666,4.878c0.25,0.111,0.381,0.063,0.439-0.169 c0.044-0.175,0.267-1.029,0.365-1.428c0.032-0.128,0.017-0.237-0.091-0.362C6.445,11.911,6.01,10.75,6.01,9.668 c0-2.777,2.194-5.464,5.933-5.464c3.23,0,5.49,2.108,5.49,5.122c0,3.407-1.794,5.768-4.13,5.768c-1.291,0-2.257-1.021-1.948-2.277 c0.372-1.495,1.089-3.112,1.089-4.191c0-0.967-0.542-1.775-1.663-1.775c-1.319,0-2.379,1.309-2.379,3.059 c0,1.115,0.394,1.869,0.394,1.869s-1.302,5.279-1.54,6.261c-0.405,1.666,0.053,4.368,0.094,4.604 c0.021,0.126,0.167,0.169,0.25,0.063c0.129-0.165,1.699-2.419,2.142-4.051c0.158-0.59,0.817-2.995,0.817-2.995 c0.43,0.784,1.681,1.446,3.013,1.446c3.963,0,6.822-3.494,6.822-7.833C20.394,5.112,16.849,2,12.289,2\"><\/path><\/svg><span class=\"wp-block-social-link-label screen-reader-text\">Pinterest<\/span><\/a><\/li><\/ul>\n\n\n\n<p><\/p>\n","protected":false},"excerpt":{"rendered":"<p>Apr\u00e8s des \u00e9tudes de commerce, j\u2019ai travaill\u00e9 dix ans dans une PME en tant qu\u2019attach\u00e9e commerciale. Travailler autour de ma passion, la cr\u00e9ation de bijoux, m\u2019est apparue comme une \u00e9vidence en 2010. Passionn\u00e9e par les bijoux en p\u00e2te de m\u00e9tal (argent fin \u2013 bronze \u2013 cuivre), j\u2019ai commenc\u00e9 \u00e0 cr\u00e9er des collections puis obtenu en [&hellip;]<\/p>\n","protected":false},"author":1,"featured_media":0,"parent":0,"menu_order":0,"comment_status":"closed","ping_status":"closed","template":"","meta":{"sfsi_plus_gutenberg_text_before_share":"","sfsi_plus_gutenberg_show_text_before_share":"","sfsi_plus_gutenberg_icon_type":"","sfsi_plus_gutenberg_icon_alignemt":"","sfsi_plus_gutenburg_max_per_row":"","footnotes":""},"class_list":["post-6396","page","type-page","status-publish","hentry"],"jetpack_sharing_enabled":true,"_links":{"self":[{"href":"https:\/\/www.zina-shop.com\/index.php\/wp-json\/wp\/v2\/pages\/6396","targetHints":{"allow":["GET"]}}],"collection":[{"href":"https:\/\/www.zina-shop.com\/index.php\/wp-json\/wp\/v2\/pages"}],"about":[{"href":"https:\/\/www.zina-shop.com\/index.php\/wp-json\/wp\/v2\/types\/page"}],"author":[{"embeddable":true,"href":"https:\/\/www.zina-shop.com\/index.php\/wp-json\/wp\/v2\/users\/1"}],"replies":[{"embeddable":true,"href":"https:\/\/www.zina-shop.com\/index.php\/wp-json\/wp\/v2\/comments?post=6396"}],"version-history":[{"count":13,"href":"https:\/\/www.zina-shop.com\/index.php\/wp-json\/wp\/v2\/pages\/6396\/revisions"}],"predecessor-version":[{"id":6410,"href":"https:\/\/www.zina-shop.com\/index.php\/wp-json\/wp\/v2\/pages\/6396\/revisions\/6410"}],"wp:attachment":[{"href":"https:\/\/www.zina-shop.com\/index.php\/wp-json\/wp\/v2\/media?parent=6396"}],"curies":[{"name":"wp","href":"https:\/\/api.w.org\/{rel}","templated":true}]}}